{"id":687,"date":"2025-09-19T13:58:57","date_gmt":"2025-09-19T11:58:57","guid":{"rendered":"https:\/\/www.pekebook.com\/contacte\/"},"modified":"2025-12-18T08:48:24","modified_gmt":"2025-12-18T07:48:24","slug":"contacte","status":"publish","type":"page","link":"https:\/\/www.pekebook.com\/ca\/contacte\/","title":{"rendered":"Contacte"},"content":{"rendered":"\t\t<div data-elementor-type=\"wp-page\" data-elementor-id=\"687\" class=\"elementor elementor-687 elementor-68\" data-elementor-post-type=\"page\">\n\t\t\t\t<div class=\"elementor-element elementor-element-509ed86 e-flex e-con-boxed e-con e-parent\" data-id=\"509ed86\" data-element_type=\"container\" data-e-type=\"container\">\n\t\t\t\t\t<div class=\"e-con-inner\">\n\t\t\t\t<div class=\"elementor-element elementor-element-aa4306a elementor-widget elementor-widget-heading\" data-id=\"aa4306a\" data-element_type=\"widget\" data-e-type=\"widget\" data-widget_type=\"heading.default\">\n\t\t\t\t<div class=\"elementor-widget-container\">\n\t\t\t\t\t<h1 class=\"elementor-heading-title elementor-size-default\">T'ajudem? Som r\u00e0pids!<\/h1>\t\t\t\t<\/div>\n\t\t\t\t<\/div>\n\t\t\t\t<div class=\"elementor-element elementor-element-b5ae48b elementor-widget elementor-widget-text-editor\" data-id=\"b5ae48b\" data-element_type=\"widget\" data-e-type=\"widget\" data-widget_type=\"text-editor.default\">\n\t\t\t\t<div class=\"elementor-widget-container\">\n\t\t\t\t\t\t\t\t\t\n<div class=\"wpcf7 no-js\" id=\"wpcf7-f689-o1\" lang=\"es-ES\" dir=\"ltr\" data-wpcf7-id=\"689\">\n<div class=\"screen-reader-response\"><p role=\"status\" aria-live=\"polite\" aria-atomic=\"true\"><\/p> <ul><\/ul><\/div>\n<form action=\"\/ca\/wp-json\/wp\/v2\/pages\/687#wpcf7-f689-o1\" method=\"post\" class=\"wpcf7-form init\" aria-label=\"Formulario de contacto\" novalidate=\"novalidate\" data-status=\"init\">\n<fieldset class=\"hidden-fields-container\"><input type=\"hidden\" name=\"_wpcf7\" value=\"689\" \/><input type=\"hidden\" name=\"_wpcf7_version\" value=\"6.1.5\" \/><input type=\"hidden\" name=\"_wpcf7_locale\" value=\"es_ES\" \/><input type=\"hidden\" name=\"_wpcf7_unit_tag\" value=\"wpcf7-f689-o1\" \/><input type=\"hidden\" name=\"_wpcf7_container_post\" value=\"0\" \/><input type=\"hidden\" name=\"_wpcf7_posted_data_hash\" value=\"\" \/>\n<\/fieldset>\n<div class=\"form-grupo  columnas2\">\n\t<p><span class=\"wpcf7-form-control-wrap\" data-name=\"your-name\"><input size=\"40\" maxlength=\"400\" class=\"wpcf7-form-control wpcf7-text wpcf7-validates-as-required\" aria-required=\"true\" aria-invalid=\"false\" placeholder=\"Nom*\" value=\"\" type=\"text\" name=\"your-name\" \/><\/span>\n\t<\/p>\n<\/div>\n<div class=\"form-grupo columnas2\">\n\t<p><span class=\"wpcf7-form-control-wrap\" data-name=\"servicio-interes\"><input size=\"40\" maxlength=\"400\" class=\"wpcf7-form-control wpcf7-text wpcf7-validates-as-required\" aria-required=\"true\" aria-invalid=\"false\" placeholder=\"C\u00e0rrec dins de el centre d&#039;educaci\u00f3 infantil*\" value=\"\" type=\"text\" name=\"servicio-interes\" \/><\/span>\n\t<\/p>\n<\/div>\n<div class=\"form-grupo columnas2\">\n\t<p><span class=\"wpcf7-form-control-wrap\" data-name=\"your-email\"><input size=\"40\" maxlength=\"400\" class=\"wpcf7-form-control wpcf7-email wpcf7-validates-as-required wpcf7-text wpcf7-validates-as-email\" aria-required=\"true\" aria-invalid=\"false\" placeholder=\"Email*\" value=\"\" type=\"email\" name=\"your-email\" \/><\/span>\n\t<\/p>\n<\/div>\n<div class=\"form-grupo columnas2\">\n\t<p><span class=\"wpcf7-form-control-wrap\" data-name=\"tel-588\"><input size=\"40\" maxlength=\"400\" class=\"wpcf7-form-control wpcf7-tel wpcf7-text wpcf7-validates-as-tel\" aria-invalid=\"false\" placeholder=\"Tel\u00e8fon\" value=\"\" type=\"tel\" name=\"tel-588\" \/><\/span>\n\t<\/p>\n<\/div>\n<div class=\"form-grupo\">\n\t<p><span class=\"wpcf7-form-control-wrap\" data-name=\"your-message\"><textarea cols=\"40\" rows=\"10\" maxlength=\"2000\" class=\"wpcf7-form-control wpcf7-textarea\" aria-invalid=\"false\" placeholder=\"El teu missatge*\" name=\"your-message\"><\/textarea><\/span>\n\t<\/p>\n<\/div>\n<div class=\"form-grupo condiciones\">\n\t<p style=\"padding-bottom:10px;\">\n\t<\/p>\n\t<p style=\"padding-bottom:10px;\">D&#8217;acord amb el que s&#8217;estableix en la legislaci\u00f3 vigent en mat\u00e8ria de Protecci\u00f3 de Dades de Car\u00e0cter Personal, Reglament 2016\/679 General de Protecci\u00f3 de Dades (RGPD) i la Llei org\u00e0nica 3\/2018 de 5 de desembre, de protecci\u00f3 de dades de car\u00e0cter personal i garantia dels drets digitals (LOPDGDD), se l&#8217;informa que les dades personals que ens faciliti a trav\u00e9s d&#8217;aquest formulari seran tractats per IWANNAPP MOBILE SOLUTIONS SL, amb la finalitat de gestionar la seva sol\u00b7licitud i enviar-li informaci\u00f3 m\u00e9s detallada. Per a m\u00e9s informaci\u00f3 consultar la <a target=\"_blank\" href=\"\/politica-privacidad\" target=\"_blank\">pol\u00edtica de privacitat<\/a> de IWANNAPP MOBILE SOLUTIONS SL.\n\t<\/p>\n\t<p><span class=\"wpcf7-form-control-wrap\" data-name=\"checkbox-485\"><span class=\"wpcf7-form-control wpcf7-checkbox wpcf7-validates-as-required\"><span class=\"wpcf7-list-item first last\"><label><input type=\"checkbox\" name=\"checkbox-485[]\" value=\"&nbsp;\" \/><span class=\"wpcf7-list-item-label\">&nbsp;<\/span><\/label><\/span><\/span><\/span>He llegit i accepto la <a target=\"_blank\" href=\"\/politica-privacidad\" target=\"_blank\">Pol\u00edtica de privacidad<\/a> de IWANNAPP MOBILE SOLUTIONS, S.L.\n\t<\/p>\n<\/div>\n<div class=\"form-grupo\" style=\"padding-top:20px;\">\n\t<p><input class=\"wpcf7-form-control wpcf7-submit has-spinner\" type=\"submit\" value=\"Enviar formulari\" \/>\n\t<\/p>\n<\/div><div class=\"wpcf7-response-output\" aria-hidden=\"true\"><\/div>\n<\/form>\n<\/div>\n\t\t\t\t\t\t\t\t<\/div>\n\t\t\t\t<\/div>\n\t\t\t\t\t<\/div>\n\t\t\t\t<\/div>\n\t\t\t\t<\/div>\n\t\t","protected":false},"excerpt":{"rendered":"<p>T&#8217;ajudem? Som r\u00e0pids!<\/p>\n","protected":false},"author":1,"featured_media":0,"parent":0,"menu_order":0,"comment_status":"closed","ping_status":"closed","template":"","meta":{"footnotes":""},"class_list":["post-687","page","type-page","status-publish","hentry"],"yoast_head":"<!-- This site is optimized with the Yoast SEO plugin v26.9 - https:\/\/yoast.com\/product\/yoast-seo-wordpress\/ -->\n<title>Contacte | Pekebook<\/title>\n<meta name=\"description\" content=\"T&#039;ajudem? Som r\u00e0pids! Contacte ESP Espanya Email: hola@pekebook.com Tel\u00e8fon: 647881639 Switzerland &amp; France Address: SJA SERVICES S\u00e0rl - Cours de Rive 2-1204 Gen\u00e8ve - SuisseUID: CHE-330.261.972Phone (CH): +41 2 ch@pekebook.com Phone (FR): +33 9 77 19 91 58 Email (FR): fr@pekebook.com\" \/>\n<meta name=\"robots\" content=\"index, follow, max-snippet:-1, max-image-preview:large, max-video-preview:-1\" \/>\n<link rel=\"canonical\" href=\"https:\/\/www.pekebook.com\/ca\/contacte\/\" \/>\n<meta property=\"og:locale\" content=\"ca_ES\" \/>\n<meta property=\"og:type\" content=\"article\" \/>\n<meta property=\"og:title\" content=\"Contacte | Pekebook\" \/>\n<meta property=\"og:description\" content=\"T&#039;ajudem? Som r\u00e0pids! Contacte ESP Espanya Email: hola@pekebook.com Tel\u00e8fon: 647881639 Switzerland &amp; France Address: SJA SERVICES S\u00e0rl - Cours de Rive 2-1204 Gen\u00e8ve - SuisseUID: CHE-330.261.972Phone (CH): +41 2 ch@pekebook.com Phone (FR): +33 9 77 19 91 58 Email (FR): fr@pekebook.com\" \/>\n<meta property=\"og:url\" content=\"https:\/\/www.pekebook.com\/ca\/contacte\/\" \/>\n<meta property=\"og:site_name\" content=\"Pekebook Agenda Digital Escuela Infantil\" \/>\n<meta property=\"article:publisher\" content=\"https:\/\/www.facebook.com\/privacy\/consent\/?flow=ad_free_subscription&amp;paramsafs_variant=first_time&amp;paramsgcl_experience_id=a8114803-1022-40bf-aa79-ce53ea52d817&amp;source=ad_free_subscription_dismissible_pft_only_flow\" \/>\n<meta property=\"article:modified_time\" content=\"2025-12-18T07:48:24+00:00\" \/>\n<meta name=\"twitter:card\" content=\"summary_large_image\" \/>\n<meta name=\"twitter:site\" content=\"@pekebook\" \/>\n<meta name=\"twitter:label1\" content=\"Temps estimat de lectura\" \/>\n\t<meta name=\"twitter:data1\" content=\"1 minut\" \/>\n<script type=\"application\/ld+json\" class=\"yoast-schema-graph\">{\"@context\":\"https:\/\/schema.org\",\"@graph\":[{\"@type\":\"WebPage\",\"@id\":\"https:\/\/www.pekebook.com\/ca\/contacte\/\",\"url\":\"https:\/\/www.pekebook.com\/ca\/contacte\/\",\"name\":\"Contacte | Pekebook\",\"isPartOf\":{\"@id\":\"https:\/\/www.pekebook.com\/#website\"},\"datePublished\":\"2025-09-19T11:58:57+00:00\",\"dateModified\":\"2025-12-18T07:48:24+00:00\",\"description\":\"T'ajudem? Som r\u00e0pids! Contacte ESP Espanya Email: hola@pekebook.com Tel\u00e8fon: 647881639 Switzerland & France Address: SJA SERVICES S\u00e0rl - Cours de Rive 2-1204 Gen\u00e8ve - SuisseUID: CHE-330.261.972Phone (CH): +41 2 ch@pekebook.com Phone (FR): +33 9 77 19 91 58 Email (FR): fr@pekebook.com\",\"breadcrumb\":{\"@id\":\"https:\/\/www.pekebook.com\/ca\/contacte\/#breadcrumb\"},\"inLanguage\":\"ca\",\"potentialAction\":[{\"@type\":\"ReadAction\",\"target\":[\"https:\/\/www.pekebook.com\/ca\/contacte\/\"]}]},{\"@type\":\"BreadcrumbList\",\"@id\":\"https:\/\/www.pekebook.com\/ca\/contacte\/#breadcrumb\",\"itemListElement\":[{\"@type\":\"ListItem\",\"position\":1,\"name\":\"Portada\",\"item\":\"https:\/\/www.pekebook.com\/ca\/\"},{\"@type\":\"ListItem\",\"position\":2,\"name\":\"Contacte\"}]},{\"@type\":\"WebSite\",\"@id\":\"https:\/\/www.pekebook.com\/#website\",\"url\":\"https:\/\/www.pekebook.com\/\",\"name\":\"Pekebook Agenda Digital Escuela Infantil\",\"description\":\"\",\"publisher\":{\"@id\":\"https:\/\/www.pekebook.com\/#organization\"},\"potentialAction\":[{\"@type\":\"SearchAction\",\"target\":{\"@type\":\"EntryPoint\",\"urlTemplate\":\"https:\/\/www.pekebook.com\/?s={search_term_string}\"},\"query-input\":{\"@type\":\"PropertyValueSpecification\",\"valueRequired\":true,\"valueName\":\"search_term_string\"}}],\"inLanguage\":\"ca\"},{\"@type\":\"Organization\",\"@id\":\"https:\/\/www.pekebook.com\/#organization\",\"name\":\"Pekebook Agenda Digital Escuela Infantil\",\"url\":\"https:\/\/www.pekebook.com\/\",\"logo\":{\"@type\":\"ImageObject\",\"inLanguage\":\"ca\",\"@id\":\"https:\/\/www.pekebook.com\/#\/schema\/logo\/image\/\",\"url\":\"https:\/\/www.pekebook.com\/wp-content\/uploads\/2025\/09\/pekebook-agenda-digital-escuela-infantil.svg\",\"contentUrl\":\"https:\/\/www.pekebook.com\/wp-content\/uploads\/2025\/09\/pekebook-agenda-digital-escuela-infantil.svg\",\"width\":230,\"height\":67,\"caption\":\"Pekebook Agenda Digital Escuela Infantil\"},\"image\":{\"@id\":\"https:\/\/www.pekebook.com\/#\/schema\/logo\/image\/\"},\"sameAs\":[\"https:\/\/www.facebook.com\/privacy\/consent\/?flow=ad_free_subscription&paramsafs_variant=first_time&paramsgcl_experience_id=a8114803-1022-40bf-aa79-ce53ea52d817&source=ad_free_subscription_dismissible_pft_only_flow\",\"https:\/\/x.com\/pekebook\",\"https:\/\/www.youtube.com\/channel\/UCA7Jn2XRL1aC4GYKSPA0t7g\",\"https:\/\/es.pinterest.com\/pekebook\/\"]}]}<\/script>\n<!-- \/ Yoast SEO plugin. -->","yoast_head_json":{"title":"Contacte | Pekebook","description":"T'ajudem? Som r\u00e0pids! Contacte ESP Espanya Email: hola@pekebook.com Tel\u00e8fon: 647881639 Switzerland & France Address: SJA SERVICES S\u00e0rl - Cours de Rive 2-1204 Gen\u00e8ve - SuisseUID: CHE-330.261.972Phone (CH): +41 2 ch@pekebook.com Phone (FR): +33 9 77 19 91 58 Email (FR): fr@pekebook.com","robots":{"index":"index","follow":"follow","max-snippet":"max-snippet:-1","max-image-preview":"max-image-preview:large","max-video-preview":"max-video-preview:-1"},"canonical":"https:\/\/www.pekebook.com\/ca\/contacte\/","og_locale":"ca_ES","og_type":"article","og_title":"Contacte | Pekebook","og_description":"T'ajudem? Som r\u00e0pids! Contacte ESP Espanya Email: hola@pekebook.com Tel\u00e8fon: 647881639 Switzerland & France Address: SJA SERVICES S\u00e0rl - Cours de Rive 2-1204 Gen\u00e8ve - SuisseUID: CHE-330.261.972Phone (CH): +41 2 ch@pekebook.com Phone (FR): +33 9 77 19 91 58 Email (FR): fr@pekebook.com","og_url":"https:\/\/www.pekebook.com\/ca\/contacte\/","og_site_name":"Pekebook Agenda Digital Escuela Infantil","article_publisher":"https:\/\/www.facebook.com\/privacy\/consent\/?flow=ad_free_subscription&paramsafs_variant=first_time&paramsgcl_experience_id=a8114803-1022-40bf-aa79-ce53ea52d817&source=ad_free_subscription_dismissible_pft_only_flow","article_modified_time":"2025-12-18T07:48:24+00:00","twitter_card":"summary_large_image","twitter_site":"@pekebook","twitter_misc":{"Temps estimat de lectura":"1 minut"},"schema":{"@context":"https:\/\/schema.org","@graph":[{"@type":"WebPage","@id":"https:\/\/www.pekebook.com\/ca\/contacte\/","url":"https:\/\/www.pekebook.com\/ca\/contacte\/","name":"Contacte | Pekebook","isPartOf":{"@id":"https:\/\/www.pekebook.com\/#website"},"datePublished":"2025-09-19T11:58:57+00:00","dateModified":"2025-12-18T07:48:24+00:00","description":"T'ajudem? Som r\u00e0pids! Contacte ESP Espanya Email: hola@pekebook.com Tel\u00e8fon: 647881639 Switzerland & France Address: SJA SERVICES S\u00e0rl - Cours de Rive 2-1204 Gen\u00e8ve - SuisseUID: CHE-330.261.972Phone (CH): +41 2 ch@pekebook.com Phone (FR): +33 9 77 19 91 58 Email (FR): fr@pekebook.com","breadcrumb":{"@id":"https:\/\/www.pekebook.com\/ca\/contacte\/#breadcrumb"},"inLanguage":"ca","potentialAction":[{"@type":"ReadAction","target":["https:\/\/www.pekebook.com\/ca\/contacte\/"]}]},{"@type":"BreadcrumbList","@id":"https:\/\/www.pekebook.com\/ca\/contacte\/#breadcrumb","itemListElement":[{"@type":"ListItem","position":1,"name":"Portada","item":"https:\/\/www.pekebook.com\/ca\/"},{"@type":"ListItem","position":2,"name":"Contacte"}]},{"@type":"WebSite","@id":"https:\/\/www.pekebook.com\/#website","url":"https:\/\/www.pekebook.com\/","name":"Pekebook Agenda Digital Escuela Infantil","description":"","publisher":{"@id":"https:\/\/www.pekebook.com\/#organization"},"potentialAction":[{"@type":"SearchAction","target":{"@type":"EntryPoint","urlTemplate":"https:\/\/www.pekebook.com\/?s={search_term_string}"},"query-input":{"@type":"PropertyValueSpecification","valueRequired":true,"valueName":"search_term_string"}}],"inLanguage":"ca"},{"@type":"Organization","@id":"https:\/\/www.pekebook.com\/#organization","name":"Pekebook Agenda Digital Escuela Infantil","url":"https:\/\/www.pekebook.com\/","logo":{"@type":"ImageObject","inLanguage":"ca","@id":"https:\/\/www.pekebook.com\/#\/schema\/logo\/image\/","url":"https:\/\/www.pekebook.com\/wp-content\/uploads\/2025\/09\/pekebook-agenda-digital-escuela-infantil.svg","contentUrl":"https:\/\/www.pekebook.com\/wp-content\/uploads\/2025\/09\/pekebook-agenda-digital-escuela-infantil.svg","width":230,"height":67,"caption":"Pekebook Agenda Digital Escuela Infantil"},"image":{"@id":"https:\/\/www.pekebook.com\/#\/schema\/logo\/image\/"},"sameAs":["https:\/\/www.facebook.com\/privacy\/consent\/?flow=ad_free_subscription&paramsafs_variant=first_time&paramsgcl_experience_id=a8114803-1022-40bf-aa79-ce53ea52d817&source=ad_free_subscription_dismissible_pft_only_flow","https:\/\/x.com\/pekebook","https:\/\/www.youtube.com\/channel\/UCA7Jn2XRL1aC4GYKSPA0t7g","https:\/\/es.pinterest.com\/pekebook\/"]}]}},"_links":{"self":[{"href":"https:\/\/www.pekebook.com\/ca\/wp-json\/wp\/v2\/pages\/687","targetHints":{"allow":["GET"]}}],"collection":[{"href":"https:\/\/www.pekebook.com\/ca\/wp-json\/wp\/v2\/pages"}],"about":[{"href":"https:\/\/www.pekebook.com\/ca\/wp-json\/wp\/v2\/types\/page"}],"author":[{"embeddable":true,"href":"https:\/\/www.pekebook.com\/ca\/wp-json\/wp\/v2\/users\/1"}],"replies":[{"embeddable":true,"href":"https:\/\/www.pekebook.com\/ca\/wp-json\/wp\/v2\/comments?post=687"}],"version-history":[{"count":6,"href":"https:\/\/www.pekebook.com\/ca\/wp-json\/wp\/v2\/pages\/687\/revisions"}],"predecessor-version":[{"id":11736,"href":"https:\/\/www.pekebook.com\/ca\/wp-json\/wp\/v2\/pages\/687\/revisions\/11736"}],"wp:attachment":[{"href":"https:\/\/www.pekebook.com\/ca\/wp-json\/wp\/v2\/media?parent=687"}],"curies":[{"name":"wp","href":"https:\/\/api.w.org\/{rel}","templated":true}]}}