{"id":861,"date":"2025-09-25T09:32:49","date_gmt":"2025-09-25T07:32:49","guid":{"rendered":"https:\/\/www.pekebook.com\/visite-guidee\/"},"modified":"2025-12-01T15:14:27","modified_gmt":"2025-12-01T14:14:27","slug":"visite-guidee","status":"publish","type":"page","link":"https:\/\/www.pekebook.com\/fr\/visite-guidee\/","title":{"rendered":"Visite guid\u00e9e"},"content":{"rendered":"\t\t<div data-elementor-type=\"wp-page\" data-elementor-id=\"861\" class=\"elementor elementor-861 elementor-375\" data-elementor-post-type=\"page\">\n\t\t\t\t<div class=\"elementor-element elementor-element-52dca6bb e-flex e-con-boxed e-con e-parent\" data-id=\"52dca6bb\" data-element_type=\"container\" data-e-type=\"container\">\n\t\t\t\t\t<div class=\"e-con-inner\">\n\t\t\t\t<div class=\"elementor-element elementor-element-287ce1ce elementor-widget elementor-widget-heading\" data-id=\"287ce1ce\" data-element_type=\"widget\" data-e-type=\"widget\" data-widget_type=\"heading.default\">\n\t\t\t\t<div class=\"elementor-widget-container\">\n\t\t\t\t\t<h1 class=\"elementor-heading-title elementor-size-default\">Demandez votre visite guid\u00e9e<\/h1>\t\t\t\t<\/div>\n\t\t\t\t<\/div>\n\t\t\t\t<div class=\"elementor-element elementor-element-3e59468 elementor-widget elementor-widget-heading\" data-id=\"3e59468\" data-element_type=\"widget\" data-e-type=\"widget\" data-widget_type=\"heading.default\">\n\t\t\t\t<div class=\"elementor-widget-container\">\n\t\t\t\t\t<h2 class=\"elementor-heading-title elementor-size-default\">NOUS VOUS PR\u00c9SENTONS PEKEBOOK... SANS ATTENDRE !<\/h2>\t\t\t\t<\/div>\n\t\t\t\t<\/div>\n\t\t\t\t<div class=\"elementor-element elementor-element-3042d62 elementor-widget elementor-widget-text-editor\" data-id=\"3042d62\" data-element_type=\"widget\" data-e-type=\"widget\" data-widget_type=\"text-editor.default\">\n\t\t\t\t<div class=\"elementor-widget-container\">\n\t\t\t\t\t\t\t\t\t<p>Faites votre demande ici, vous recevrez un e-mail o\u00f9 vous pourrez vous inscrire <strong>GRATUITEMENT<\/strong> et nous vous montrerons comment cela fonctionne.<\/p>\t\t\t\t\t\t\t\t<\/div>\n\t\t\t\t<\/div>\n\t\t\t\t<div class=\"elementor-element elementor-element-60d0b1f4 elementor-widget elementor-widget-text-editor\" data-id=\"60d0b1f4\" data-element_type=\"widget\" data-e-type=\"widget\" data-widget_type=\"text-editor.default\">\n\t\t\t\t<div class=\"elementor-widget-container\">\n\t\t\t\t\t\t\t\t\t\n<div class=\"wpcf7 no-js\" id=\"wpcf7-f639-o1\" lang=\"es-ES\" dir=\"ltr\" data-wpcf7-id=\"639\">\n<div class=\"screen-reader-response\"><p role=\"status\" aria-live=\"polite\" aria-atomic=\"true\"><\/p> <ul><\/ul><\/div>\n<form action=\"\/fr\/wp-json\/wp\/v2\/pages\/861#wpcf7-f639-o1\" method=\"post\" class=\"wpcf7-form init\" aria-label=\"Formulario de contacto\" novalidate=\"novalidate\" data-status=\"init\">\n<fieldset class=\"hidden-fields-container\"><input type=\"hidden\" name=\"_wpcf7\" value=\"639\" \/><input type=\"hidden\" name=\"_wpcf7_version\" value=\"6.1.5\" \/><input type=\"hidden\" name=\"_wpcf7_locale\" value=\"es_ES\" \/><input type=\"hidden\" name=\"_wpcf7_unit_tag\" value=\"wpcf7-f639-o1\" \/><input type=\"hidden\" name=\"_wpcf7_container_post\" value=\"0\" \/><input type=\"hidden\" name=\"_wpcf7_posted_data_hash\" value=\"\" \/>\n<\/fieldset>\n<div class=\"form-grupo\">\n\t<p><span class=\"wpcf7-form-control-wrap\" data-name=\"tu-nombre\"><input size=\"40\" maxlength=\"400\" class=\"wpcf7-form-control wpcf7-text wpcf7-validates-as-required\" aria-required=\"true\" aria-invalid=\"false\" placeholder=\"Persona de contacto*\" value=\"\" type=\"text\" name=\"tu-nombre\" \/><\/span>\n\t<\/p>\n<\/div>\n<div class=\"form-grupo  columnas2\">\n\t<p><span class=\"wpcf7-form-control-wrap\" data-name=\"select-0\"><select class=\"wpcf7-form-control wpcf7-select\" aria-invalid=\"false\" name=\"select-0\"><option value=\"Espa\u00f1a\">Espa\u00f1a<\/option><option value=\"Afganist\u00e1n\">Afganist\u00e1n<\/option><option value=\"Albania\">Albania<\/option><option value=\"Alemania\">Alemania<\/option><option value=\"Andorra\">Andorra<\/option><option value=\"Angola\">Angola<\/option><option value=\"Antigua y Barbuda\">Antigua y Barbuda<\/option><option value=\"Arabia Saudita\">Arabia Saudita<\/option><option value=\"Argelia\">Argelia<\/option><option value=\"Argentina\">Argentina<\/option><option value=\"Armenia\">Armenia<\/option><option value=\"Australia\">Australia<\/option><option value=\"Austria\">Austria<\/option><option value=\"Azerbaiy\u00e1n\">Azerbaiy\u00e1n<\/option><option value=\"Bahamas\">Bahamas<\/option><option value=\"Banglad\u00e9s\">Banglad\u00e9s<\/option><option value=\"Barbados\">Barbados<\/option><option value=\"Bar\u00e9in\">Bar\u00e9in<\/option><option value=\"B\u00e9lgica\">B\u00e9lgica<\/option><option value=\"Belice\">Belice<\/option><option value=\"Ben\u00edn\">Ben\u00edn<\/option><option value=\"Bielorrusia\">Bielorrusia<\/option><option value=\"Birmania\">Birmania<\/option><option value=\"Bolivia\">Bolivia<\/option><option value=\"Bosnia y Herzegovina\">Bosnia y Herzegovina<\/option><option value=\"Botsuana\">Botsuana<\/option><option value=\"Brasil\">Brasil<\/option><option value=\"Brun\u00e9i\">Brun\u00e9i<\/option><option value=\"Bulgaria\">Bulgaria<\/option><option value=\"Burkina Faso\">Burkina Faso<\/option><option value=\"Burundi\">Burundi<\/option><option value=\"But\u00e1n\">But\u00e1n<\/option><option value=\"Cabo Verde\">Cabo Verde<\/option><option value=\"Camboya\">Camboya<\/option><option value=\"Camer\u00fan\">Camer\u00fan<\/option><option value=\"Canad\u00e1\">Canad\u00e1<\/option><option value=\"Catar\">Catar<\/option><option value=\"Chad\">Chad<\/option><option value=\"Chile\">Chile<\/option><option value=\"China\">China<\/option><option value=\"Chipre\">Chipre<\/option><option value=\"Ciudad del Vaticano\">Ciudad del Vaticano<\/option><option value=\"Colombia\">Colombia<\/option><option value=\"Comoras\">Comoras<\/option><option value=\"Corea del Norte\">Corea del Norte<\/option><option value=\"Corea del Sur\">Corea del Sur<\/option><option value=\"Costa de Marfil\">Costa de Marfil<\/option><option value=\"Costa Rica\">Costa Rica<\/option><option value=\"Croacia\">Croacia<\/option><option value=\"Cuba\">Cuba<\/option><option value=\"Dinamarca\">Dinamarca<\/option><option value=\"Dominica\">Dominica<\/option><option value=\"Ecuador\">Ecuador<\/option><option value=\"Egipto\">Egipto<\/option><option value=\"El Salvador\">El Salvador<\/option><option value=\"Emiratos \u00c1rabes Unidos\">Emiratos \u00c1rabes Unidos<\/option><option value=\"Eritrea\">Eritrea<\/option><option value=\"Eslovaquia\">Eslovaquia<\/option><option value=\"Eslovenia\">Eslovenia<\/option><option value=\"Espa\u00f1a\">Espa\u00f1a<\/option><option value=\"Estados Unidos\">Estados Unidos<\/option><option value=\"Estonia\">Estonia<\/option><option value=\"Etiop\u00eda\">Etiop\u00eda<\/option><option value=\"Filipinas\">Filipinas<\/option><option value=\"Finlandia\">Finlandia<\/option><option value=\"Fiyi\">Fiyi<\/option><option value=\"Francia\">Francia<\/option><option value=\"Gab\u00f3n\">Gab\u00f3n<\/option><option value=\"Gambia\">Gambia<\/option><option value=\"Georgia\">Georgia<\/option><option value=\"Ghana\">Ghana<\/option><option value=\"Granada\">Granada<\/option><option value=\"Grecia\">Grecia<\/option><option value=\"Guatemala\">Guatemala<\/option><option value=\"Guyana\">Guyana<\/option><option value=\"Guinea\">Guinea<\/option><option value=\"Guinea ecuatorial\">Guinea ecuatorial<\/option><option value=\"Guinea-Bis\u00e1u\">Guinea-Bis\u00e1u<\/option><option value=\"Hait\u00ed\">Hait\u00ed<\/option><option value=\"Honduras\">Honduras<\/option><option value=\"Hungr\u00eda\">Hungr\u00eda<\/option><option value=\"India\">India<\/option><option value=\"Indonesia\">Indonesia<\/option><option value=\"Irak\">Irak<\/option><option value=\"Ir\u00e1n\">Ir\u00e1n<\/option><option value=\"Irlanda\">Irlanda<\/option><option value=\"Islandia\">Islandia<\/option><option value=\"Islas Marshall\">Islas Marshall<\/option><option value=\"Islas Salom\u00f3n\">Islas Salom\u00f3n<\/option><option value=\"Israel\">Israel<\/option><option value=\"Italia\">Italia<\/option><option value=\"Jamaica\">Jamaica<\/option><option value=\"Jap\u00f3n\">Jap\u00f3n<\/option><option value=\"Jordania\">Jordania<\/option><option value=\"Kazajist\u00e1n\">Kazajist\u00e1n<\/option><option value=\"Kenia\">Kenia<\/option><option value=\"Kirguist\u00e1n\">Kirguist\u00e1n<\/option><option value=\"Kiribati\">Kiribati<\/option><option value=\"Kuwait\">Kuwait<\/option><option value=\"Laos\">Laos<\/option><option value=\"Lesoto\">Lesoto<\/option><option value=\"Letonia\">Letonia<\/option><option value=\"L\u00edbano\">L\u00edbano<\/option><option value=\"Liberia\">Liberia<\/option><option value=\"Libia\">Libia<\/option><option value=\"Liechtenstein\">Liechtenstein<\/option><option value=\"Lituania\">Lituania<\/option><option value=\"Luxemburgo\">Luxemburgo<\/option><option value=\"Madagascar\">Madagascar<\/option><option value=\"Malasia\">Malasia<\/option><option value=\"Malaui\">Malaui<\/option><option value=\"Maldivas\">Maldivas<\/option><option value=\"Mal\u00ed\">Mal\u00ed<\/option><option value=\"Malta\">Malta<\/option><option value=\"Marruecos\">Marruecos<\/option><option value=\"Mauricio\">Mauricio<\/option><option value=\"Mauritania\">Mauritania<\/option><option value=\"M\u00e9xico\">M\u00e9xico<\/option><option value=\"Micronesia\">Micronesia<\/option><option value=\"Moldavia\">Moldavia<\/option><option value=\"M\u00f3naco\">M\u00f3naco<\/option><option value=\"Mongolia\">Mongolia<\/option><option value=\"Montenegro\">Montenegro<\/option><option value=\"Mozambique\">Mozambique<\/option><option value=\"Namibia\">Namibia<\/option><option value=\"Nauru\">Nauru<\/option><option value=\"Nepal\">Nepal<\/option><option value=\"Nicaragua\">Nicaragua<\/option><option value=\"N\u00edger\">N\u00edger<\/option><option value=\"Nigeria\">Nigeria<\/option><option value=\"Noruega\">Noruega<\/option><option value=\"Nueva Zelanda\">Nueva Zelanda<\/option><option value=\"Om\u00e1n\">Om\u00e1n<\/option><option value=\"Pa\u00edses Bajos\">Pa\u00edses Bajos<\/option><option value=\"Pakist\u00e1n\">Pakist\u00e1n<\/option><option value=\"Palaos\">Palaos<\/option><option value=\"Panam\u00e1\">Panam\u00e1<\/option><option value=\"Pap\u00faa Nueva Guinea\">Pap\u00faa Nueva Guinea<\/option><option value=\"Paraguay\">Paraguay<\/option><option value=\"Per\u00fa\">Per\u00fa<\/option><option value=\"Polonia\">Polonia<\/option><option value=\"Portugal\">Portugal<\/option><option value=\"Reino Unido\">Reino Unido<\/option><option value=\"Rep\u00fablica Centroafricana\">Rep\u00fablica Centroafricana<\/option><option value=\"Rep\u00fablica Checa\">Rep\u00fablica Checa<\/option><option value=\"Rep\u00fablica de Macedonia\">Rep\u00fablica de Macedonia<\/option><option value=\"Rep\u00fablica del Congo\">Rep\u00fablica del Congo<\/option><option value=\"Rep\u00fablica Democr\u00e1tica del Congo\">Rep\u00fablica Democr\u00e1tica del Congo<\/option><option value=\"Rep\u00fablica Dominicana\">Rep\u00fablica Dominicana<\/option><option value=\"Rep\u00fablica Sudafricana\">Rep\u00fablica Sudafricana<\/option><option value=\"Ruanda\">Ruanda<\/option><option value=\"Ruman\u00eda\">Ruman\u00eda<\/option><option value=\"Rusia\">Rusia<\/option><option value=\"Samoa\">Samoa<\/option><option value=\"San Crist\u00f3bal y Nieves\">San Crist\u00f3bal y Nieves<\/option><option value=\"San Marino\">San Marino<\/option><option value=\"San Vicente y las Granadinas\">San Vicente y las Granadinas<\/option><option value=\"Santa Luc\u00eda\">Santa Luc\u00eda<\/option><option value=\"Santo Tom\u00e9 y Pr\u00edncipe\">Santo Tom\u00e9 y Pr\u00edncipe<\/option><option value=\"Senegal\">Senegal<\/option><option value=\"Serbia\">Serbia<\/option><option value=\"Seychelles\">Seychelles<\/option><option value=\"Sierra Leona\">Sierra Leona<\/option><option value=\"Singapur\">Singapur<\/option><option value=\"Siria\">Siria<\/option><option value=\"Somalia\">Somalia<\/option><option value=\"Sri Lanka\">Sri Lanka<\/option><option value=\"Suazilandia\">Suazilandia<\/option><option value=\"Sud\u00e1n\">Sud\u00e1n<\/option><option value=\"Sud\u00e1n del Sur\">Sud\u00e1n del Sur<\/option><option value=\"Suecia\">Suecia<\/option><option value=\"Suiza\">Suiza<\/option><option value=\"Surinam\">Surinam<\/option><option value=\"Tailandia\">Tailandia<\/option><option value=\"Tanzania\">Tanzania<\/option><option value=\"Tayikist\u00e1n\">Tayikist\u00e1n<\/option><option value=\"Timor Oriental\">Timor Oriental<\/option><option value=\"Togo\">Togo<\/option><option value=\"Tonga\">Tonga<\/option><option value=\"Trinidad y Tobago\">Trinidad y Tobago<\/option><option value=\"T\u00fanez\">T\u00fanez<\/option><option value=\"Turkmenist\u00e1n\">Turkmenist\u00e1n<\/option><option value=\"Turqu\u00eda\">Turqu\u00eda<\/option><option value=\"Tuvalu\">Tuvalu<\/option><option value=\"Ucrania\">Ucrania<\/option><option value=\"Uganda\">Uganda<\/option><option value=\"Uruguay\">Uruguay<\/option><option value=\"Uzbekist\u00e1n\">Uzbekist\u00e1n<\/option><option value=\"Vanuatu\">Vanuatu<\/option><option value=\"Venezuela\">Venezuela<\/option><option value=\"Vietnam\">Vietnam<\/option><option value=\"Yemen\">Yemen<\/option><option value=\"Yibuti\">Yibuti<\/option><option value=\"Zambia\">Zambia<\/option><option value=\"Zimbabue\">Zimbabue<\/option><\/select><\/span>\n\t<\/p>\n<\/div>\n<div class=\"form-grupo columnas2\">\n\t<p><span class=\"wpcf7-form-control-wrap\" data-name=\"rol\"><select class=\"wpcf7-form-control wpcf7-select wpcf7-validates-as-required\" aria-required=\"true\" aria-invalid=\"false\" name=\"rol\"><option value=\"Soy, Director\/a\">Soy, Director\/a<\/option><option value=\"Soy Educador\/a\">Soy Educador\/a<\/option><option value=\"Otro\">Otro<\/option><\/select><\/span>\n\t<\/p>\n<\/div>\n<div class=\"form-grupo columnas2\">\n\t<p><span class=\"wpcf7-form-control-wrap\" data-name=\"escuela\"><input size=\"40\" maxlength=\"400\" class=\"wpcf7-form-control wpcf7-text wpcf7-validates-as-required\" aria-required=\"true\" aria-invalid=\"false\" placeholder=\"Nombre de tu escuela*\" value=\"\" type=\"text\" name=\"escuela\" \/><\/span>\n\t<\/p>\n<\/div>\n<div class=\"form-grupo columnas2\">\n\t<p><span class=\"wpcf7-form-control-wrap\" data-name=\"escuela\"><input size=\"40\" maxlength=\"400\" class=\"wpcf7-form-control wpcf7-text wpcf7-validates-as-required\" aria-required=\"true\" aria-invalid=\"false\" placeholder=\"N\u00famero de plazas*\" value=\"\" type=\"text\" name=\"escuela\" \/><\/span>\n\t<\/p>\n<\/div>\n<div class=\"form-grupo columnas2\">\n\t<p><span class=\"wpcf7-form-control-wrap\" data-name=\"your-email\"><input size=\"40\" maxlength=\"400\" class=\"wpcf7-form-control wpcf7-email wpcf7-validates-as-required wpcf7-text wpcf7-validates-as-email\" aria-required=\"true\" aria-invalid=\"false\" placeholder=\"Correo electr\u00f3nico*\" value=\"\" type=\"email\" name=\"your-email\" \/><\/span>\n\t<\/p>\n<\/div>\n<div class=\"form-grupo columnas2\">\n\t<p><span class=\"wpcf7-form-control-wrap\" data-name=\"tel-588\"><input size=\"40\" maxlength=\"400\" class=\"wpcf7-form-control wpcf7-tel wpcf7-text wpcf7-validates-as-tel\" aria-invalid=\"false\" placeholder=\"Tel\u00e9fono\" value=\"\" type=\"tel\" name=\"tel-588\" \/><\/span>\n\t<\/p>\n<\/div>\n<div class=\"form-grupo\">\n\t<p><span class=\"wpcf7-form-control-wrap\" data-name=\"your-message\"><textarea cols=\"40\" rows=\"10\" maxlength=\"2000\" class=\"wpcf7-form-control wpcf7-textarea\" aria-invalid=\"false\" placeholder=\"Mensaje*\" name=\"your-message\"><\/textarea><\/span>\n\t<\/p>\n<\/div>\n<div class=\"form-grupo condiciones\">\n\t<p style=\"padding-bottom:10px;\">De acuerdo a lo establecido en la legislaci\u00f3n vigente en materia de Protecci\u00f3n de Datos de Car\u00e1cter Personal, Reglamento 2016\/679 General de Protecci\u00f3n de Datos (RGPD) y la Ley Org\u00e1nica 3\/2018 de 5 de diciembre, de protecci\u00f3n de datos de car\u00e1cter personal y garant\u00eda de los derechos digitales (LOPDGDD), se le informa que los datos personales que nos facilite a trav\u00e9s de dicho formulario ser\u00e1n tratados por IWANNAPP MOBILE SOLUTIONS SL, con la finalidad de gestionar su solicitud y enviarle informaci\u00f3n m\u00e1s detallada. Para m\u00e1s informaci\u00f3n consultar la <a target=\"_blank\" href=\"\/politica-privacidad\" target=\"_blank\">pol\u00edtica de privacidad<\/a>.\n\t<\/p>\n\t<p><span class=\"wpcf7-form-control-wrap\" data-name=\"checkbox-485\"><span class=\"wpcf7-form-control wpcf7-checkbox wpcf7-validates-as-required\"><span class=\"wpcf7-list-item first last\"><label><input type=\"checkbox\" name=\"checkbox-485[]\" value=\"&nbsp;\" \/><span class=\"wpcf7-list-item-label\">&nbsp;<\/span><\/label><\/span><\/span><\/span> He le\u00eddo y acepto la <a target=\"_blank\" href=\"\/politica-privacidad\" target=\"_blank\">pol\u00edtica de privacidad<\/a> de IWANNAPP MOBILE SOLUTIONS SL.\n\t<\/p>\n<\/div>\n<div class=\"form-grupo\" style=\"padding-top:20px;\">\n\t<p><input class=\"wpcf7-form-control wpcf7-submit has-spinner\" type=\"submit\" value=\"Enviar\" \/>\n\t<\/p>\n<\/div><div class=\"wpcf7-response-output\" aria-hidden=\"true\"><\/div>\n<\/form>\n<\/div>\n\t\t\t\t\t\t\t\t<\/div>\n\t\t\t\t<\/div>\n\t\t\t\t\t<\/div>\n\t\t\t\t<\/div>\n\t\t\t\t<\/div>\n\t\t","protected":false},"excerpt":{"rendered":"<p>Demandez votre visite guid\u00e9e NOUS VOUS PR\u00c9SENTONS PEKEBOOK&#8230; SANS ATTENDRE ! Faites votre demande ici, vous recevrez un e-mail o\u00f9 vous pourrez vous inscrire GRATUITEMENT et nous vous montrerons comment cela fonctionne.<\/p>\n","protected":false},"author":1,"featured_media":0,"parent":0,"menu_order":0,"comment_status":"closed","ping_status":"closed","template":"","meta":{"footnotes":""},"class_list":["post-861","page","type-page","status-publish","hentry"],"yoast_head":"<!-- This site is optimized with the Yoast SEO plugin v26.9 - https:\/\/yoast.com\/product\/yoast-seo-wordpress\/ -->\n<title>Visite guid\u00e9e - Pekebook Agenda Digital Escuela Infantil<\/title>\n<meta name=\"robots\" content=\"index, follow, max-snippet:-1, max-image-preview:large, max-video-preview:-1\" \/>\n<link rel=\"canonical\" href=\"https:\/\/www.pekebook.com\/fr\/visite-guidee\/\" \/>\n<meta property=\"og:locale\" content=\"fr_FR\" \/>\n<meta property=\"og:type\" content=\"article\" \/>\n<meta property=\"og:title\" content=\"Visite guid\u00e9e - Pekebook Agenda Digital Escuela Infantil\" \/>\n<meta property=\"og:description\" content=\"Demandez votre visite guid\u00e9e NOUS VOUS PR\u00c9SENTONS PEKEBOOK&#8230; SANS ATTENDRE ! Faites votre demande ici, vous recevrez un e-mail o\u00f9 vous pourrez vous inscrire GRATUITEMENT et nous vous montrerons comment cela fonctionne.\" \/>\n<meta property=\"og:url\" content=\"https:\/\/www.pekebook.com\/fr\/visite-guidee\/\" \/>\n<meta property=\"og:site_name\" content=\"Pekebook Agenda Digital Escuela Infantil\" \/>\n<meta property=\"article:publisher\" content=\"https:\/\/www.facebook.com\/privacy\/consent\/?flow=ad_free_subscription&amp;paramsafs_variant=first_time&amp;paramsgcl_experience_id=a8114803-1022-40bf-aa79-ce53ea52d817&amp;source=ad_free_subscription_dismissible_pft_only_flow\" \/>\n<meta property=\"article:modified_time\" content=\"2025-12-01T14:14:27+00:00\" \/>\n<meta name=\"twitter:card\" content=\"summary_large_image\" \/>\n<meta name=\"twitter:site\" content=\"@pekebook\" \/>\n<script type=\"application\/ld+json\" class=\"yoast-schema-graph\">{\"@context\":\"https:\/\/schema.org\",\"@graph\":[{\"@type\":\"WebPage\",\"@id\":\"https:\/\/www.pekebook.com\/fr\/visite-guidee\/\",\"url\":\"https:\/\/www.pekebook.com\/fr\/visite-guidee\/\",\"name\":\"Visite guid\u00e9e - Pekebook Agenda Digital Escuela Infantil\",\"isPartOf\":{\"@id\":\"https:\/\/www.pekebook.com\/#website\"},\"datePublished\":\"2025-09-25T07:32:49+00:00\",\"dateModified\":\"2025-12-01T14:14:27+00:00\",\"breadcrumb\":{\"@id\":\"https:\/\/www.pekebook.com\/fr\/visite-guidee\/#breadcrumb\"},\"inLanguage\":\"fr-FR\",\"potentialAction\":[{\"@type\":\"ReadAction\",\"target\":[\"https:\/\/www.pekebook.com\/fr\/visite-guidee\/\"]}]},{\"@type\":\"BreadcrumbList\",\"@id\":\"https:\/\/www.pekebook.com\/fr\/visite-guidee\/#breadcrumb\",\"itemListElement\":[{\"@type\":\"ListItem\",\"position\":1,\"name\":\"Portada\",\"item\":\"https:\/\/www.pekebook.com\/fr\/\"},{\"@type\":\"ListItem\",\"position\":2,\"name\":\"Visite guid\u00e9e\"}]},{\"@type\":\"WebSite\",\"@id\":\"https:\/\/www.pekebook.com\/#website\",\"url\":\"https:\/\/www.pekebook.com\/\",\"name\":\"Pekebook Agenda Digital Escuela Infantil\",\"description\":\"\",\"publisher\":{\"@id\":\"https:\/\/www.pekebook.com\/#organization\"},\"potentialAction\":[{\"@type\":\"SearchAction\",\"target\":{\"@type\":\"EntryPoint\",\"urlTemplate\":\"https:\/\/www.pekebook.com\/?s={search_term_string}\"},\"query-input\":{\"@type\":\"PropertyValueSpecification\",\"valueRequired\":true,\"valueName\":\"search_term_string\"}}],\"inLanguage\":\"fr-FR\"},{\"@type\":\"Organization\",\"@id\":\"https:\/\/www.pekebook.com\/#organization\",\"name\":\"Pekebook Agenda Digital Escuela Infantil\",\"url\":\"https:\/\/www.pekebook.com\/\",\"logo\":{\"@type\":\"ImageObject\",\"inLanguage\":\"fr-FR\",\"@id\":\"https:\/\/www.pekebook.com\/#\/schema\/logo\/image\/\",\"url\":\"https:\/\/www.pekebook.com\/wp-content\/uploads\/2025\/09\/pekebook-agenda-digital-escuela-infantil.svg\",\"contentUrl\":\"https:\/\/www.pekebook.com\/wp-content\/uploads\/2025\/09\/pekebook-agenda-digital-escuela-infantil.svg\",\"width\":230,\"height\":67,\"caption\":\"Pekebook Agenda Digital Escuela Infantil\"},\"image\":{\"@id\":\"https:\/\/www.pekebook.com\/#\/schema\/logo\/image\/\"},\"sameAs\":[\"https:\/\/www.facebook.com\/privacy\/consent\/?flow=ad_free_subscription&paramsafs_variant=first_time&paramsgcl_experience_id=a8114803-1022-40bf-aa79-ce53ea52d817&source=ad_free_subscription_dismissible_pft_only_flow\",\"https:\/\/x.com\/pekebook\",\"https:\/\/www.youtube.com\/channel\/UCA7Jn2XRL1aC4GYKSPA0t7g\",\"https:\/\/es.pinterest.com\/pekebook\/\"]}]}<\/script>\n<!-- \/ Yoast SEO plugin. -->","yoast_head_json":{"title":"Visite guid\u00e9e - Pekebook Agenda Digital Escuela Infantil","robots":{"index":"index","follow":"follow","max-snippet":"max-snippet:-1","max-image-preview":"max-image-preview:large","max-video-preview":"max-video-preview:-1"},"canonical":"https:\/\/www.pekebook.com\/fr\/visite-guidee\/","og_locale":"fr_FR","og_type":"article","og_title":"Visite guid\u00e9e - Pekebook Agenda Digital Escuela Infantil","og_description":"Demandez votre visite guid\u00e9e NOUS VOUS PR\u00c9SENTONS PEKEBOOK&#8230; SANS ATTENDRE ! Faites votre demande ici, vous recevrez un e-mail o\u00f9 vous pourrez vous inscrire GRATUITEMENT et nous vous montrerons comment cela fonctionne.","og_url":"https:\/\/www.pekebook.com\/fr\/visite-guidee\/","og_site_name":"Pekebook Agenda Digital Escuela Infantil","article_publisher":"https:\/\/www.facebook.com\/privacy\/consent\/?flow=ad_free_subscription&paramsafs_variant=first_time&paramsgcl_experience_id=a8114803-1022-40bf-aa79-ce53ea52d817&source=ad_free_subscription_dismissible_pft_only_flow","article_modified_time":"2025-12-01T14:14:27+00:00","twitter_card":"summary_large_image","twitter_site":"@pekebook","schema":{"@context":"https:\/\/schema.org","@graph":[{"@type":"WebPage","@id":"https:\/\/www.pekebook.com\/fr\/visite-guidee\/","url":"https:\/\/www.pekebook.com\/fr\/visite-guidee\/","name":"Visite guid\u00e9e - Pekebook Agenda Digital Escuela Infantil","isPartOf":{"@id":"https:\/\/www.pekebook.com\/#website"},"datePublished":"2025-09-25T07:32:49+00:00","dateModified":"2025-12-01T14:14:27+00:00","breadcrumb":{"@id":"https:\/\/www.pekebook.com\/fr\/visite-guidee\/#breadcrumb"},"inLanguage":"fr-FR","potentialAction":[{"@type":"ReadAction","target":["https:\/\/www.pekebook.com\/fr\/visite-guidee\/"]}]},{"@type":"BreadcrumbList","@id":"https:\/\/www.pekebook.com\/fr\/visite-guidee\/#breadcrumb","itemListElement":[{"@type":"ListItem","position":1,"name":"Portada","item":"https:\/\/www.pekebook.com\/fr\/"},{"@type":"ListItem","position":2,"name":"Visite guid\u00e9e"}]},{"@type":"WebSite","@id":"https:\/\/www.pekebook.com\/#website","url":"https:\/\/www.pekebook.com\/","name":"Pekebook Agenda Digital Escuela Infantil","description":"","publisher":{"@id":"https:\/\/www.pekebook.com\/#organization"},"potentialAction":[{"@type":"SearchAction","target":{"@type":"EntryPoint","urlTemplate":"https:\/\/www.pekebook.com\/?s={search_term_string}"},"query-input":{"@type":"PropertyValueSpecification","valueRequired":true,"valueName":"search_term_string"}}],"inLanguage":"fr-FR"},{"@type":"Organization","@id":"https:\/\/www.pekebook.com\/#organization","name":"Pekebook Agenda Digital Escuela Infantil","url":"https:\/\/www.pekebook.com\/","logo":{"@type":"ImageObject","inLanguage":"fr-FR","@id":"https:\/\/www.pekebook.com\/#\/schema\/logo\/image\/","url":"https:\/\/www.pekebook.com\/wp-content\/uploads\/2025\/09\/pekebook-agenda-digital-escuela-infantil.svg","contentUrl":"https:\/\/www.pekebook.com\/wp-content\/uploads\/2025\/09\/pekebook-agenda-digital-escuela-infantil.svg","width":230,"height":67,"caption":"Pekebook Agenda Digital Escuela Infantil"},"image":{"@id":"https:\/\/www.pekebook.com\/#\/schema\/logo\/image\/"},"sameAs":["https:\/\/www.facebook.com\/privacy\/consent\/?flow=ad_free_subscription&paramsafs_variant=first_time&paramsgcl_experience_id=a8114803-1022-40bf-aa79-ce53ea52d817&source=ad_free_subscription_dismissible_pft_only_flow","https:\/\/x.com\/pekebook","https:\/\/www.youtube.com\/channel\/UCA7Jn2XRL1aC4GYKSPA0t7g","https:\/\/es.pinterest.com\/pekebook\/"]}]}},"_links":{"self":[{"href":"https:\/\/www.pekebook.com\/fr\/wp-json\/wp\/v2\/pages\/861","targetHints":{"allow":["GET"]}}],"collection":[{"href":"https:\/\/www.pekebook.com\/fr\/wp-json\/wp\/v2\/pages"}],"about":[{"href":"https:\/\/www.pekebook.com\/fr\/wp-json\/wp\/v2\/types\/page"}],"author":[{"embeddable":true,"href":"https:\/\/www.pekebook.com\/fr\/wp-json\/wp\/v2\/users\/1"}],"replies":[{"embeddable":true,"href":"https:\/\/www.pekebook.com\/fr\/wp-json\/wp\/v2\/comments?post=861"}],"version-history":[{"count":1,"href":"https:\/\/www.pekebook.com\/fr\/wp-json\/wp\/v2\/pages\/861\/revisions"}],"predecessor-version":[{"id":862,"href":"https:\/\/www.pekebook.com\/fr\/wp-json\/wp\/v2\/pages\/861\/revisions\/862"}],"wp:attachment":[{"href":"https:\/\/www.pekebook.com\/fr\/wp-json\/wp\/v2\/media?parent=861"}],"curies":[{"name":"wp","href":"https:\/\/api.w.org\/{rel}","templated":true}]}}